{"id":8,"date":"2020-10-17T16:33:41","date_gmt":"2020-10-17T16:33:41","guid":{"rendered":"https:\/\/www.it-wizard.hu\/?page_id=8"},"modified":"2020-10-17T16:33:41","modified_gmt":"2020-10-17T16:33:41","slug":"elerhetoseg","status":"publish","type":"page","link":"https:\/\/www.it-wizard.hu\/?page_id=8","title":{"rendered":"El\u00e9rhet\u0151s\u00e9g"},"content":{"rendered":"\n<p>Ez egy n\u00e9h\u00e1ny kapcsolati adatot, mint pl. c\u00edm, telefonsz\u00e1m, tartalmaz\u00f3 oldal. Lehet b\u0151v\u00edtm\u00e9nyt is haszn\u00e1lni egy kapcsolati \u0171rlap beilleszt\u00e9s\u00e9hez.<\/p>\n","protected":false},"excerpt":{"rendered":"<p>Ez egy n\u00e9h\u00e1ny kapcsolati adatot, mint pl. c\u00edm, telefonsz\u00e1m, tartalmaz\u00f3 oldal. Lehet b\u0151v\u00edtm\u00e9nyt is haszn\u00e1lni egy kapcsolati \u0171rlap beilleszt\u00e9s\u00e9hez.<\/p>\n","protected":false},"author":1,"featured_media":0,"parent":0,"menu_order":0,"comment_status":"closed","ping_status":"closed","template":"","meta":{"footnotes":""},"class_list":["post-8","page","type-page","status-publish","hentry"],"_links":{"self":[{"href":"https:\/\/www.it-wizard.hu\/index.php?rest_route=\/wp\/v2\/pages\/8","targetHints":{"allow":["GET"]}}],"collection":[{"href":"https:\/\/www.it-wizard.hu\/index.php?rest_route=\/wp\/v2\/pages"}],"about":[{"href":"https:\/\/www.it-wizard.hu\/index.php?rest_route=\/wp\/v2\/types\/page"}],"author":[{"embeddable":true,"href":"https:\/\/www.it-wizard.hu\/index.php?rest_route=\/wp\/v2\/users\/1"}],"replies":[{"embeddable":true,"href":"https:\/\/www.it-wizard.hu\/index.php?rest_route=%2Fwp%2Fv2%2Fcomments&post=8"}],"version-history":[{"count":1,"href":"https:\/\/www.it-wizard.hu\/index.php?rest_route=\/wp\/v2\/pages\/8\/revisions"}],"predecessor-version":[{"id":13,"href":"https:\/\/www.it-wizard.hu\/index.php?rest_route=\/wp\/v2\/pages\/8\/revisions\/13"}],"wp:attachment":[{"href":"https:\/\/www.it-wizard.hu\/index.php?rest_route=%2Fwp%2Fv2%2Fmedia&parent=8"}],"curies":[{"name":"wp","href":"https:\/\/api.w.org\/{rel}","templated":true}]}}